{"id":29,"date":"2020-08-12T12:26:24","date_gmt":"2020-08-12T12:26:24","guid":{"rendered":"http:\/\/formitys.com\/?page_id=29"},"modified":"2022-05-26T15:16:26","modified_gmt":"2022-05-26T15:16:26","slug":"page-dacceuil","status":"publish","type":"page","link":"https:\/\/formitys.com\/","title":{"rendered":"L&#8217;exp\u00e9rience au service de vos objectifs"},"content":{"rendered":"\n<div style=\"height:20px\" aria-hidden=\"true\" class=\"wp-block-spacer\"><\/div>\n\n\n\n<div class=\"wp-block-getwid-images-slider has-arrows-inside has-dots-inside has-captions captions-style-light captions-bottom-center has-images-center has-cropped-images has-fixed-height\"><div class=\"wp-block-getwid-images-slider__wrapper\" data-effect=\"slide\" data-slides-show=\"1\" data-slides-show-laptop=\"1\" data-slides-show-tablet=\"1\" data-slides-show-mobile=\"1\" data-slides-scroll=\"1\" data-autoplay=\"true\" data-autoplay-speed=\"2000\" data-infinite=\"true\" data-animation-speed=\"2200\" data-center-mode=\"false\" data-variable-width=\"false\" data-arrows=\"inside\" data-dots=\"inside\" data-spacing=\"none\"><div class=\"wp-block-getwid-images-slider__item\" style=\"height:300px\"><figure><img loading=\"lazy\" decoding=\"async\" width=\"2560\" height=\"1440\" src=\"https:\/\/formitys.com\/wp-content\/uploads\/2020\/08\/Acceuil1-1-scaled.jpg\" data-id=\"238\" data-link=\"https:\/\/formitys.com\/?attachment_id=238\" data-original-link=\"https:\/\/formitys.com\/wp-content\/uploads\/2020\/08\/Acceuil1-1-scaled.jpg\" class=\"wp-block-getwid-images-slider__image wp-image-238\" srcset=\"https:\/\/formitys.com\/wp-content\/uploads\/2020\/08\/Acceuil1-1-scaled.jpg 2560w, https:\/\/formitys.com\/wp-content\/uploads\/2020\/08\/Acceuil1-1-300x169.jpg 300w, https:\/\/formitys.com\/wp-content\/uploads\/2020\/08\/Acceuil1-1-1024x576.jpg 1024w, https:\/\/formitys.com\/wp-content\/uploads\/2020\/08\/Acceuil1-1-768x432.jpg 768w, https:\/\/formitys.com\/wp-content\/uploads\/2020\/08\/Acceuil1-1-1536x864.jpg 1536w, https:\/\/formitys.com\/wp-content\/uploads\/2020\/08\/Acceuil1-1-2048x1152.jpg 2048w, https:\/\/formitys.com\/wp-content\/uploads\/2020\/08\/Acceuil1-1-1600x900.jpg 1600w\" sizes=\"auto, (max-width: 2560px) 100vw, 2560px\" \/><figcaption class=\"wp-block-getwid-images-slider__caption\">NOS FORMATIONS EN ENTREPRISES<\/figcaption><\/figure><\/div><div class=\"wp-block-getwid-images-slider__item\" style=\"height:300px\"><figure><img loading=\"lazy\" decoding=\"async\" width=\"1920\" height=\"1280\" src=\"https:\/\/formitys.com\/wp-content\/uploads\/2020\/08\/M-Learning5.jpg\" data-id=\"279\" data-link=\"https:\/\/formitys.com\/?attachment_id=279\" data-original-link=\"https:\/\/formitys.com\/wp-content\/uploads\/2020\/08\/M-Learning5.jpg\" class=\"wp-block-getwid-images-slider__image wp-image-279\" srcset=\"https:\/\/formitys.com\/wp-content\/uploads\/2020\/08\/M-Learning5.jpg 1920w, https:\/\/formitys.com\/wp-content\/uploads\/2020\/08\/M-Learning5-300x200.jpg 300w, https:\/\/formitys.com\/wp-content\/uploads\/2020\/08\/M-Learning5-1024x683.jpg 1024w, https:\/\/formitys.com\/wp-content\/uploads\/2020\/08\/M-Learning5-768x512.jpg 768w, https:\/\/formitys.com\/wp-content\/uploads\/2020\/08\/M-Learning5-1536x1024.jpg 1536w, https:\/\/formitys.com\/wp-content\/uploads\/2020\/08\/M-Learning5-1600x1067.jpg 1600w\" sizes=\"auto, (max-width: 1920px) 100vw, 1920px\" \/><figcaption class=\"wp-block-getwid-images-slider__caption\">M-LEARNING<\/figcaption><\/figure><\/div><div class=\"wp-block-getwid-images-slider__item\" style=\"height:300px\"><figure><img loading=\"lazy\" decoding=\"async\" width=\"1920\" height=\"982\" src=\"https:\/\/formitys.com\/wp-content\/uploads\/2020\/08\/Mise-en-oeuvre4.jpg\" data-id=\"275\" data-link=\"https:\/\/formitys.com\/?attachment_id=275\" data-original-link=\"https:\/\/formitys.com\/wp-content\/uploads\/2020\/08\/Mise-en-oeuvre4.jpg\" class=\"wp-block-getwid-images-slider__image wp-image-275\" srcset=\"https:\/\/formitys.com\/wp-content\/uploads\/2020\/08\/Mise-en-oeuvre4.jpg 1920w, https:\/\/formitys.com\/wp-content\/uploads\/2020\/08\/Mise-en-oeuvre4-300x153.jpg 300w, https:\/\/formitys.com\/wp-content\/uploads\/2020\/08\/Mise-en-oeuvre4-1024x524.jpg 1024w, https:\/\/formitys.com\/wp-content\/uploads\/2020\/08\/Mise-en-oeuvre4-768x393.jpg 768w, https:\/\/formitys.com\/wp-content\/uploads\/2020\/08\/Mise-en-oeuvre4-1536x786.jpg 1536w, https:\/\/formitys.com\/wp-content\/uploads\/2020\/08\/Mise-en-oeuvre4-1600x818.jpg 1600w\" sizes=\"auto, (max-width: 1920px) 100vw, 1920px\" \/><figcaption class=\"wp-block-getwid-images-slider__caption\">AUDITS ET CONSEILS<\/figcaption><\/figure><\/div><\/div><\/div>\n\n\n\n<div style=\"height:100px\" aria-hidden=\"true\" class=\"wp-block-spacer\"><\/div>\n\n\n\n<p class=\"has-medium-font-size\"><strong>Nous excellons dans les domaines du Service Management pour lesquels nous proposons des expertises et des formations digitales et pr\u00e9sentielles <\/strong><\/p>\n\n\n\n<p>FORMITYS offre une gamme de Formations et de Services pour accompagner les DSI dans l\u2019am\u00e9lioration de leurs Services IT. Les clients de FORMITYS \u00e9voquent les r\u00e9sultats qu\u2019ils ont obtenus :<\/p>\n\n\n\n<p><strong>IPI groupe IGS<\/strong>&nbsp;<em>Jean-Marie Mah\u00e9 \u2013 R\u00e9f\u00e9rent P\u00e9dagogique<\/em>&nbsp;<em>\u201cLe parcours des modules de formation complet \u201cQualit\u00e9 de la Gestion des Services IT\u201d aux diff\u00e9rents formats multi-canaux, nous permet de former efficacement toutes les populations d\u2019\u00e9tudiants, stagiaires et salari\u00e9s en cycles longs ou courts.\u201d<\/em><\/p>\n\n\n\n<p><strong>EUREMYS<\/strong>\u00a0Bernard Lakermance \u2013 Directeur de la Production\u00a0<em>\u201cLes formations multi-canaux nous ont permis de certifier facilement \u00e0 ISO20000 fondation toutes nos \u00e9quipes de Production, sans perturbation pour l\u2019exploitation quotidienne.\u201d<\/em><\/p>\n\n\n\n<p><strong>SSII groupe SAVANE<\/strong>\u00a0Jean-Fran\u00e7ois B\u00e9nesse \u2013 PDG\u00a0<em>\u201cLes formations multi-canaux Lean IT de nos collaborateurs nous permettent d\u2019optimiser durablement leurs comp\u00e9tences et donc nos offres de services IT pour nos clients, ceci sans interrompre les missions des collaborateurs.\u201d<\/em><\/p>\n\n\n\n<div style=\"height:20px\" aria-hidden=\"true\" class=\"wp-block-spacer\"><\/div>\n\n\n\n<div class=\"wp-block-getwid-section alignfull alignfull getwid-section-content-custom-width\"><div class=\"wp-block-getwid-section__wrapper getwid-padding-top-large getwid-padding-bottom-large getwid-padding-right-medium\" style=\"margin-left:90px;padding-left:8px\"><div class=\"wp-block-getwid-section__inner-wrapper\" style=\"max-width:1380px\"><div class=\"wp-block-getwid-section__background-holder\"><div class=\"wp-block-getwid-section__background\"><\/div><div class=\"wp-block-getwid-section__foreground\"><\/div><\/div><div class=\"wp-block-getwid-section__content\"><div class=\"wp-block-getwid-section__inner-content\">\n<div class=\"wp-block-columns has-2-columns are-vertically-aligned-center is-layout-flex wp-container-core-columns-is-layout-9d6595d7 wp-block-columns-is-layout-flex\">\n<div class=\"wp-block-column is-vertically-aligned-center is-layout-flow wp-block-column-is-layout-flow\">\n<div class=\"wp-block-getwid-advanced-heading\" style=\"margin-bottom:30px;margin-top:10px\"><h2 class=\"wp-block-getwid-advanced-heading__content\" style=\"text-align:right\">                              Qui sommes nous &#8230;<\/h2><\/div>\n\n\n\n<div class=\"wp-block-getwid-advanced-heading\" style=\"margin-bottom:0px;margin-top:0px\"><span class=\"wp-block-getwid-advanced-heading__content\"><\/span><\/div>\n<\/div>\n\n\n\n<div class=\"wp-block-column is-vertically-aligned-center is-layout-flow wp-block-column-is-layout-flow\">\n<div class=\"wp-block-getwid-video-popup has-image has-foreground-0\"><a class=\"wp-block-getwid-video-popup__link\" href=\"https:\/\/youtu.be\/t7ywtgDdI7o\"><div class=\"wp-block-getwid-video-popup__wrapper\" style=\"min-height:320px\"><img loading=\"lazy\" decoding=\"async\" width=\"1920\" height=\"1152\" src=\"https:\/\/formitys.com\/wp-content\/uploads\/2020\/08\/Mise-en-oeuvre6.jpg\" alt=\"\" class=\"wp-block-getwid-video-popup__image wp-block-getwid-video-popup__source wp-image-277\" srcset=\"https:\/\/formitys.com\/wp-content\/uploads\/2020\/08\/Mise-en-oeuvre6.jpg 1920w, https:\/\/formitys.com\/wp-content\/uploads\/2020\/08\/Mise-en-oeuvre6-300x180.jpg 300w, https:\/\/formitys.com\/wp-content\/uploads\/2020\/08\/Mise-en-oeuvre6-1024x614.jpg 1024w, https:\/\/formitys.com\/wp-content\/uploads\/2020\/08\/Mise-en-oeuvre6-768x461.jpg 768w, https:\/\/formitys.com\/wp-content\/uploads\/2020\/08\/Mise-en-oeuvre6-1536x922.jpg 1536w, https:\/\/formitys.com\/wp-content\/uploads\/2020\/08\/Mise-en-oeuvre6-1600x960.jpg 1600w\" sizes=\"auto, (max-width: 1920px) 100vw, 1920px\" \/><div class=\"wp-block-getwid-video-popup__button is-style-outline\" style=\"border-color:#ffffff\"><div class=\"wp-block-getwid-video-popup__icon has-text-color has-background\" style=\"background-color:#ffffff;color:#000000;border-color:#ffffff\"><i class=\"fas fa-play\"><\/i><\/div><\/div><\/div><\/a><div class=\"wp-block-getwid-video-popup__caption\"><p class=\"wp-block-getwid-video-popup__title\">Regarder la vid\u00e9o<\/p><\/div><\/div>\n\n\n\n<p><\/p>\n<\/div>\n<\/div>\n\n\n<div class=\"wp-block-image\">\n<figure class=\"aligncenter size-large is-resized\"><img loading=\"lazy\" decoding=\"async\" src=\"https:\/\/formitys.com\/wp-content\/uploads\/2020\/08\/Pied-de-page-en-image-1-1024x49.png\" alt=\"\" class=\"wp-image-343\" width=\"1385\" height=\"66\" srcset=\"https:\/\/formitys.com\/wp-content\/uploads\/2020\/08\/Pied-de-page-en-image-1-1024x49.png 1024w, https:\/\/formitys.com\/wp-content\/uploads\/2020\/08\/Pied-de-page-en-image-1-300x14.png 300w, https:\/\/formitys.com\/wp-content\/uploads\/2020\/08\/Pied-de-page-en-image-1-768x37.png 768w, https:\/\/formitys.com\/wp-content\/uploads\/2020\/08\/Pied-de-page-en-image-1-1536x73.png 1536w, https:\/\/formitys.com\/wp-content\/uploads\/2020\/08\/Pied-de-page-en-image-1.png 1568w\" sizes=\"auto, (max-width: 1385px) 100vw, 1385px\" \/><\/figure>\n<\/div><\/div><\/div><\/div><\/div><\/div>\n","protected":false},"excerpt":{"rendered":"<p>Nous excellons dans les domaines du Service Management pour lesquels nous proposons des expertises et des formations digitales et pr\u00e9sentielles&hellip;<\/p>\n","protected":false},"author":1,"featured_media":0,"parent":0,"menu_order":0,"comment_status":"closed","ping_status":"closed","template":"","meta":{"kk_blocks_editor_width":"","_kiokenblocks_attr":"","_kiokenblocks_dimensions":"","footnotes":""},"class_list":["post-29","page","type-page","status-publish","hentry"],"featured_image_urls_v2":{"full":"","thumbnail":"","medium":"","medium_large":"","large":"","1536x1536":"","2048x2048":"","primer-featured":"","primer-hero":""},"post_excerpt_stackable_v2":"<p>NOS FORMATIONS EN ENTREPRISESM-LEARNINGAUDITS ET CONSEILS Nous excellons dans les domaines du Service Management pour lesquels nous proposons des expertises et des formations digitales et pr\u00e9sentielles FORMITYS offre une gamme de Formations et de Services pour accompagner les DSI dans l\u2019am\u00e9lioration de leurs Services IT. Les clients de FORMITYS \u00e9voquent les r\u00e9sultats qu\u2019ils ont obtenus : IPI groupe IGS&nbsp;Jean-Marie Mah\u00e9 \u2013 R\u00e9f\u00e9rent P\u00e9dagogique&nbsp;\u201cLe parcours des modules de formation complet \u201cQualit\u00e9 de la Gestion des Services IT\u201d aux diff\u00e9rents formats multi-canaux, nous permet de former efficacement toutes les populations d\u2019\u00e9tudiants, stagiaires et salari\u00e9s en cycles longs ou courts.\u201d EUREMYS\u00a0Bernard Lakermance \u2013\u2026<\/p>\n","category_list_v2":"","author_info_v2":{"name":"denis","url":"https:\/\/formitys.com\/?author=1"},"comments_num_v2":"0 commentaire","_links":{"self":[{"href":"https:\/\/formitys.com\/index.php?rest_route=\/wp\/v2\/pages\/29","targetHints":{"allow":["GET"]}}],"collection":[{"href":"https:\/\/formitys.com\/index.php?rest_route=\/wp\/v2\/pages"}],"about":[{"href":"https:\/\/formitys.com\/index.php?rest_route=\/wp\/v2\/types\/page"}],"author":[{"embeddable":true,"href":"https:\/\/formitys.com\/index.php?rest_route=\/wp\/v2\/users\/1"}],"replies":[{"embeddable":true,"href":"https:\/\/formitys.com\/index.php?rest_route=%2Fwp%2Fv2%2Fcomments&post=29"}],"version-history":[{"count":66,"href":"https:\/\/formitys.com\/index.php?rest_route=\/wp\/v2\/pages\/29\/revisions"}],"predecessor-version":[{"id":681,"href":"https:\/\/formitys.com\/index.php?rest_route=\/wp\/v2\/pages\/29\/revisions\/681"}],"wp:attachment":[{"href":"https:\/\/formitys.com\/index.php?rest_route=%2Fwp%2Fv2%2Fmedia&parent=29"}],"curies":[{"name":"wp","href":"https:\/\/api.w.org\/{rel}","templated":true}]}}