{"id":33,"date":"2020-08-12T13:17:30","date_gmt":"2020-08-12T13:17:30","guid":{"rendered":"http:\/\/formitys.com\/?page_id=33"},"modified":"2023-03-25T08:49:56","modified_gmt":"2023-03-25T08:49:56","slug":"nos-services","status":"publish","type":"page","link":"https:\/\/formitys.com\/?page_id=33","title":{"rendered":"NOS SERVICES"},"content":{"rendered":"\n<p><\/p>\n\n\n\n<div class=\"wp-block-media-text alignwide is-stacked-on-mobile\"><figure class=\"wp-block-media-text__media\"><img loading=\"lazy\" decoding=\"async\" width=\"1024\" height=\"683\" src=\"https:\/\/formitys.com\/wp-content\/uploads\/2020\/08\/Conseil-4-1024x683.jpg\" alt=\"\" class=\"wp-image-274 size-full\" srcset=\"https:\/\/formitys.com\/wp-content\/uploads\/2020\/08\/Conseil-4-1024x683.jpg 1024w, https:\/\/formitys.com\/wp-content\/uploads\/2020\/08\/Conseil-4-300x200.jpg 300w, https:\/\/formitys.com\/wp-content\/uploads\/2020\/08\/Conseil-4-768x512.jpg 768w, https:\/\/formitys.com\/wp-content\/uploads\/2020\/08\/Conseil-4-1536x1024.jpg 1536w, https:\/\/formitys.com\/wp-content\/uploads\/2020\/08\/Conseil-4-1600x1067.jpg 1600w, https:\/\/formitys.com\/wp-content\/uploads\/2020\/08\/Conseil-4.jpg 1920w\" sizes=\"auto, (max-width: 1024px) 100vw, 1024px\" \/><\/figure><div class=\"wp-block-media-text__content\">\n<p class=\"has-medium-font-size\">   <strong>CONSEIL et FORMATION<\/strong>                                  <\/p>\n\n\n\n<p class=\"has-medium-font-size\"><strong>Nous faisons du conseil et des formations en IT Service Management<\/strong>                            <\/p>\n<\/div><\/div>\n\n\n\n<div style=\"height:100px\" aria-hidden=\"true\" class=\"wp-block-spacer\"><\/div>\n\n\n\n<div class=\"wp-block-media-text alignwide is-stacked-on-mobile\"><figure class=\"wp-block-media-text__media\"><img loading=\"lazy\" decoding=\"async\" width=\"1024\" height=\"683\" src=\"https:\/\/formitys.com\/wp-content\/uploads\/2020\/08\/Audit-5-1024x683.jpg\" alt=\"\" class=\"wp-image-271 size-full\" srcset=\"https:\/\/formitys.com\/wp-content\/uploads\/2020\/08\/Audit-5-1024x683.jpg 1024w, https:\/\/formitys.com\/wp-content\/uploads\/2020\/08\/Audit-5-300x200.jpg 300w, https:\/\/formitys.com\/wp-content\/uploads\/2020\/08\/Audit-5-768x512.jpg 768w, https:\/\/formitys.com\/wp-content\/uploads\/2020\/08\/Audit-5-1536x1024.jpg 1536w, https:\/\/formitys.com\/wp-content\/uploads\/2020\/08\/Audit-5-1600x1067.jpg 1600w, https:\/\/formitys.com\/wp-content\/uploads\/2020\/08\/Audit-5.jpg 1920w\" sizes=\"auto, (max-width: 1024px) 100vw, 1024px\" \/><\/figure><div class=\"wp-block-media-text__content\">\n<p class=\"has-medium-font-size\">               <strong> AUDITS<\/strong>                                                                                       Formitys r\u00e9alise des audits     <strong>ISO 20000 <\/strong> pour pr\u00e9parer les certifications<\/p>\n<\/div><\/div>\n\n\n\n<div style=\"height:100px\" aria-hidden=\"true\" class=\"wp-block-spacer\"><\/div>\n\n\n\n<div class=\"wp-block-media-text alignwide is-stacked-on-mobile\"><figure class=\"wp-block-media-text__media\"><img loading=\"lazy\" decoding=\"async\" width=\"1024\" height=\"683\" src=\"https:\/\/formitys.com\/wp-content\/uploads\/2020\/08\/Mise-en-oeuvre7-1024x683.jpg\" alt=\"\" class=\"wp-image-278 size-full\" srcset=\"https:\/\/formitys.com\/wp-content\/uploads\/2020\/08\/Mise-en-oeuvre7-1024x683.jpg 1024w, https:\/\/formitys.com\/wp-content\/uploads\/2020\/08\/Mise-en-oeuvre7-300x200.jpg 300w, https:\/\/formitys.com\/wp-content\/uploads\/2020\/08\/Mise-en-oeuvre7-768x512.jpg 768w, https:\/\/formitys.com\/wp-content\/uploads\/2020\/08\/Mise-en-oeuvre7-1536x1024.jpg 1536w, https:\/\/formitys.com\/wp-content\/uploads\/2020\/08\/Mise-en-oeuvre7-1600x1067.jpg 1600w, https:\/\/formitys.com\/wp-content\/uploads\/2020\/08\/Mise-en-oeuvre7.jpg 1920w\" sizes=\"auto, (max-width: 1024px) 100vw, 1024px\" \/><\/figure><div class=\"wp-block-media-text__content\">\n<p class=\"has-medium-font-size\">        <strong>MISE EN OEUVRE<\/strong>                        Formitys accompagne ses clients dans la mise en oeuvre op\u00e9rationnelle des processus   <strong>ITIL et LEAN IT<\/strong> <\/p>\n<\/div><\/div>\n\n\n\n<div style=\"height:20px\" aria-hidden=\"true\" class=\"wp-block-spacer\"><\/div>\n\n\n<div class=\"wp-block-image\">\n<figure class=\"alignleft size-large is-resized\"><img loading=\"lazy\" decoding=\"async\" src=\"https:\/\/formitys.com\/wp-content\/uploads\/2020\/08\/Pied-de-page-en-image-1-1024x49.png\" alt=\"\" class=\"wp-image-343\" width=\"1447\" height=\"68\" srcset=\"https:\/\/formitys.com\/wp-content\/uploads\/2020\/08\/Pied-de-page-en-image-1-1024x49.png 1024w, https:\/\/formitys.com\/wp-content\/uploads\/2020\/08\/Pied-de-page-en-image-1-300x14.png 300w, https:\/\/formitys.com\/wp-content\/uploads\/2020\/08\/Pied-de-page-en-image-1-768x37.png 768w, https:\/\/formitys.com\/wp-content\/uploads\/2020\/08\/Pied-de-page-en-image-1-1536x73.png 1536w, https:\/\/formitys.com\/wp-content\/uploads\/2020\/08\/Pied-de-page-en-image-1.png 1568w\" sizes=\"auto, (max-width: 1447px) 100vw, 1447px\" \/><\/figure>\n<\/div>","protected":false},"excerpt":{"rendered":"<p>CONSEIL et FORMATION Nous faisons du conseil et des formations en IT Service Management AUDITS Formitys r\u00e9alise des audits ISO&hellip;<\/p>\n","protected":false},"author":1,"featured_media":0,"parent":0,"menu_order":0,"comment_status":"closed","ping_status":"closed","template":"","meta":{"kk_blocks_editor_width":"","_kiokenblocks_attr":"","_kiokenblocks_dimensions":"","footnotes":""},"class_list":["post-33","page","type-page","status-publish","hentry"],"featured_image_urls_v2":{"full":"","thumbnail":"","medium":"","medium_large":"","large":"","1536x1536":"","2048x2048":"","primer-featured":"","primer-hero":""},"post_excerpt_stackable_v2":"<p>CONSEIL et FORMATION Nous faisons du conseil et des formations en IT Service Management AUDITS Formitys r\u00e9alise des audits ISO 20000 pour pr\u00e9parer les certifications MISE EN OEUVRE Formitys accompagne ses clients dans la mise en oeuvre op\u00e9rationnelle des processus ITIL et LEAN IT<\/p>\n","category_list_v2":"","author_info_v2":{"name":"denis","url":"https:\/\/formitys.com\/?author=1"},"comments_num_v2":"0 commentaire","_links":{"self":[{"href":"https:\/\/formitys.com\/index.php?rest_route=\/wp\/v2\/pages\/33","targetHints":{"allow":["GET"]}}],"collection":[{"href":"https:\/\/formitys.com\/index.php?rest_route=\/wp\/v2\/pages"}],"about":[{"href":"https:\/\/formitys.com\/index.php?rest_route=\/wp\/v2\/types\/page"}],"author":[{"embeddable":true,"href":"https:\/\/formitys.com\/index.php?rest_route=\/wp\/v2\/users\/1"}],"replies":[{"embeddable":true,"href":"https:\/\/formitys.com\/index.php?rest_route=%2Fwp%2Fv2%2Fcomments&post=33"}],"version-history":[{"count":17,"href":"https:\/\/formitys.com\/index.php?rest_route=\/wp\/v2\/pages\/33\/revisions"}],"predecessor-version":[{"id":693,"href":"https:\/\/formitys.com\/index.php?rest_route=\/wp\/v2\/pages\/33\/revisions\/693"}],"wp:attachment":[{"href":"https:\/\/formitys.com\/index.php?rest_route=%2Fwp%2Fv2%2Fmedia&parent=33"}],"curies":[{"name":"wp","href":"https:\/\/api.w.org\/{rel}","templated":true}]}}