{"id":486,"date":"2020-09-02T10:16:39","date_gmt":"2020-09-02T10:16:39","guid":{"rendered":"http:\/\/formitys.com\/?page_id=486"},"modified":"2025-09-11T11:08:32","modified_gmt":"2025-09-11T11:08:32","slug":"catalogue-m-learning","status":"publish","type":"page","link":"https:\/\/formitys.com\/?page_id=486","title":{"rendered":"Catalogue formations distanciel accompagnement E-Learning"},"content":{"rendered":"\n<p><strong><span style=\"color: #f34957;\" class=\"stk-highlight\"><a href=\"https:\/\/formitys.com\/?page_id=69\">Contact pour les commandes<\/a><\/span><\/strong><\/p>\n\n\n\n<p><\/p>\n\n\n\n<ul style=\"font-size:18px\" class=\"wp-block-list has-custom-size\">\n<li><strong>Gestion de Parc orient\u00e9 Services IT<\/strong><\/li>\n\n\n\n<li><em>Distanciel online avec TP (nous contacter)<\/em><\/li>\n<\/ul>\n\n\n\n<p><\/p>\n\n\n\n<ul style=\"font-size:18px\" class=\"wp-block-list has-custom-size\">\n<li><strong>Panorama des m\u00e9thodes de Gestion des Risques Projets<\/strong><\/li>\n\n\n\n<li>cours complet 49,99 ttc<\/li>\n\n\n\n<li><\/li>\n<\/ul>\n\n\n\n<p><\/p>\n\n\n\n<ul style=\"font-size:18px\" class=\"wp-block-list has-custom-size\">\n<li><a rel=\"noreferrer noopener\" href=\"https:\/\/youtu.be\/9zJhfJpQ81I\" target=\"_blank\"><strong>video pr\u00e9sentation ISO 27001 fondation<\/strong><\/a><\/li>\n\n\n\n<li>cours complet 199,99 ttc  (inclus examen de validation de la session)<\/li>\n<\/ul>\n\n\n\n<iframe loading=\"lazy\" width=\"560\" height=\"315\" src=\"https:\/\/www.youtube.com\/embed\/BjKT1r4Mv-A\" title=\"YouTube video player\" frameborder=\"0\" allow=\"accelerometer; autoplay; clipboard-write; encrypted-media; gyroscope; picture-in-picture; web-share\" allowfullscreen><\/iframe>\n\n\n\n<p><\/p>\n\n\n\n<ul style=\"font-size:18px\" class=\"wp-block-list has-custom-size\">\n<li><a rel=\"noreferrer noopener\" href=\"https:\/\/youtu.be\/9zJhfJpQ81I\" target=\"_blank\"><strong>video pr\u00e9sentation Plan de Secours Informatiques et de continuit\u00e9 IT<\/strong><\/a><\/li>\n\n\n\n<li>cours complet 199,99 ttc (inclus examen de validation de la session)<\/li>\n<\/ul>\n\n\n\n<iframe loading=\"lazy\" width=\"560\" height=\"315\" src=\"https:\/\/www.youtube.com\/embed\/9zJhfJpQ81I\" title=\"YouTube video player\" frameborder=\"0\" allow=\"accelerometer; autoplay; clipboard-write; encrypted-media; gyroscope; picture-in-picture; web-share\" allowfullscreen><\/iframe>\n\n\n\n<p><\/p>\n\n\n\n<ul style=\"font-size:18px\" class=\"wp-block-list has-custom-size\">\n<li><a rel=\"noreferrer noopener\" href=\"https:\/\/youtu.be\/m7lhWZxCFco\" target=\"_blank\"><strong>video pr\u00e9sentation LEAN IT<\/strong><\/a><\/li>\n\n\n\n<li>cours complet 199,99 ttc (inclus examen de validation de la session)<\/li>\n<\/ul>\n\n\n\n\n\n<p><\/p>\n\n\n\n<p><\/p>\n\n\n\n<p><\/p>\n\n\n\n<ul class=\"wp-block-list\">\n<li><\/li>\n<\/ul>\n\n\n\n<p><\/p>\n\n\n\n<div class=\"wp-block-group\"><div class=\"wp-block-group__inner-container is-layout-constrained wp-block-group-is-layout-constrained\">\n<ul class=\"wp-block-list\">\n<li><a rel=\"noreferrer noopener\" href=\"https:\/\/youtu.be\/2Nl1xbCrWqE\" target=\"_blank\"><\/a><a rel=\"noreferrer noopener\" href=\"https:\/\/youtu.be\/PuLA2rd7Rds\" target=\"_blank\"><strong>video pr\u00e9sentation ISO20000<\/strong><\/a><\/li>\n\n\n\n<li>cours complet 199,99 ttc (inclus examen de validation de la session)<\/li>\n<\/ul>\n\n\n\n\n\n<p><\/p>\n\n\n\n<p><\/p>\n\n\n\n<ul class=\"wp-block-list\">\n<li><\/li>\n<\/ul>\n<\/div><\/div>\n\n\n\n<div class=\"wp-block-group\"><div class=\"wp-block-group__inner-container is-layout-constrained wp-block-group-is-layout-constrained\">\n<p><\/p>\n\n\n\n<ul class=\"wp-block-list\">\n<li><strong><a rel=\"noreferrer noopener\" href=\"https:\/\/youtu.be\/UyEV69miVLw\" target=\"_blank\">video pr\u00e9sentation Gestion des Risques projet IT<\/a><\/strong><\/li>\n\n\n\n<li>cours complet 199,99 ttc (inclus examen de validation de la session)<\/li>\n<\/ul>\n\n\n\n<iframe loading=\"lazy\" width=\"560\" height=\"315\" src=\"https:\/\/www.youtube.com\/embed\/UyEV69miVLw\" title=\"YouTube video player\" frameborder=\"0\" allow=\"accelerometer; autoplay; clipboard-write; encrypted-media; gyroscope; picture-in-picture; web-share\" allowfullscreen><\/iframe>\n\n\n\n<p><\/p>\n\n\n\n<p><\/p>\n\n\n\n<p><\/p>\n\n\n\n<ul class=\"wp-block-list\">\n<li><\/li>\n<\/ul>\n<\/div><\/div>\n\n\n\n<p><\/p>\n\n\n\n<ul class=\"wp-block-list\">\n<li><strong><a href=\"https:\/\/youtu.be\/5ZhFk9X6NZs\" target=\"_blank\" rel=\"noreferrer noopener\">video pr\u00e9sentation ITIL4<\/a><\/strong><\/li>\n\n\n\n<li>cours complet 199,99 ttc (inclus examen de validation de la session)<\/li>\n<\/ul>\n\n\n\n<iframe loading=\"lazy\" width=\"560\" height=\"315\" src=\"https:\/\/www.youtube.com\/embed\/5ZhFk9X6NZs\" title=\"YouTube video player\" frameborder=\"0\" allow=\"accelerometer; autoplay; clipboard-write; encrypted-media; gyroscope; picture-in-picture; web-share\" allowfullscreen><\/iframe>\n\n\n\n<div class=\"wp-block-stackable-text stk-block-text stk-block stk-698e1d6\" data-block-id=\"698e1d6\"><p class=\"stk-block-text__text\"><\/p><\/div>\n\n\n\n<div class=\"wp-block-stackable-text stk-block-text stk-block stk-9dc7b26\" data-block-id=\"9dc7b26\"><style>.stk-9dc7b26 .stk-block-text__text{font-size:8px !important;}@media screen and (max-width: 1023px){.stk-9dc7b26 .stk-block-text__text{font-size:8px !important;}}<\/style><p class=\"stk-block-text__text\"><em>APMG Lean IT is a trademark of The APM Group Limited, used under permission of the APM Group Limited. All rights reserved.<br>The APMG International Lean IT and Swirl Device logo is a trademark of The APM Group Limited, used under permission of The APM Group Limited. All rights reserved.<\/em><\/p><\/div>\n\n\n\n<div class=\"wp-block-stackable-text stk-block-text stk-block stk-ed42ce9\" data-block-id=\"ed42ce9\"><style>.stk-ed42ce9 .stk-block-text__text{font-size:8px !important;}@media screen and (max-width: 1023px){.stk-ed42ce9 .stk-block-text__text{font-size:8px !important;}}<\/style><p class=\"stk-block-text__text\"><em>ITIL\u00ae is a registered trade mark of AXELOS Limited, used under permission of AXELOS Limited. The Swirl logo&#x2122; is a trade mark of AXELOS Limited, used under permission of AXELOS Limited. All rights reserved.<\/em><\/p><\/div>\n\n\n\n<p><\/p>\n\n\n\n<p>.<\/p>\n\n\n\n<p><strong>Formations individuelles en distanciel :<\/strong>&nbsp;<\/p>\n\n\n\n<p><strong>Managemnent des Service Informatique incluant des projets IA.<\/strong><\/p>\n\n\n\n<p>Nombre d&#8217;heures par stagiaire&nbsp;: &nbsp;700 heures<\/p>\n\n\n\n<p>Le co\u00fbt de la formation\u00a0: 2000,00 \u20ac ttc  (Examens non compris)<\/p>\n\n\n\n<p><a href=\"https:\/\/formitys.com\/?p=836\">https:\/\/formitys.com\/?p=836<\/a><\/p>\n\n\n\n<p><\/p>\n","protected":false},"excerpt":{"rendered":"<p>Contact pour les commandes APMG Lean IT is a trademark of The APM Group Limited, used under permission of the&hellip;<\/p>\n","protected":false},"author":1,"featured_media":0,"parent":0,"menu_order":0,"comment_status":"closed","ping_status":"closed","template":"","meta":{"kk_blocks_editor_width":"","_kiokenblocks_attr":"","_kiokenblocks_dimensions":"","footnotes":""},"class_list":["post-486","page","type-page","status-publish","hentry"],"featured_image_urls_v2":{"full":"","thumbnail":"","medium":"","medium_large":"","large":"","1536x1536":"","2048x2048":"","primer-featured":"","primer-hero":""},"post_excerpt_stackable_v2":"<p>Contact pour les commandes Gestion de Parc orient\u00e9 Services IT Distanciel online avec TP (nous contacter) Panorama des m\u00e9thodes de Gestion des Risques Projets cours complet 49,99 ttc video pr\u00e9sentation ISO 27001 fondation cours complet 199,99 ttc (inclus examen de validation de la session) video pr\u00e9sentation Plan de Secours Informatiques et de continuit\u00e9 IT cours complet 199,99 ttc (inclus examen de validation de la session) video pr\u00e9sentation LEAN IT cours complet 199,99 ttc (inclus examen de validation de la session) video pr\u00e9sentation ISO20000 cours complet 199,99 ttc (inclus examen de validation de la session) video pr\u00e9sentation Gestion des Risques projet\u2026<\/p>\n","category_list_v2":"","author_info_v2":{"name":"denis","url":"https:\/\/formitys.com\/?author=1"},"comments_num_v2":"0 commentaire","_links":{"self":[{"href":"https:\/\/formitys.com\/index.php?rest_route=\/wp\/v2\/pages\/486","targetHints":{"allow":["GET"]}}],"collection":[{"href":"https:\/\/formitys.com\/index.php?rest_route=\/wp\/v2\/pages"}],"about":[{"href":"https:\/\/formitys.com\/index.php?rest_route=\/wp\/v2\/types\/page"}],"author":[{"embeddable":true,"href":"https:\/\/formitys.com\/index.php?rest_route=\/wp\/v2\/users\/1"}],"replies":[{"embeddable":true,"href":"https:\/\/formitys.com\/index.php?rest_route=%2Fwp%2Fv2%2Fcomments&post=486"}],"version-history":[{"count":70,"href":"https:\/\/formitys.com\/index.php?rest_route=\/wp\/v2\/pages\/486\/revisions"}],"predecessor-version":[{"id":843,"href":"https:\/\/formitys.com\/index.php?rest_route=\/wp\/v2\/pages\/486\/revisions\/843"}],"wp:attachment":[{"href":"https:\/\/formitys.com\/index.php?rest_route=%2Fwp%2Fv2%2Fmedia&parent=486"}],"curies":[{"name":"wp","href":"https:\/\/api.w.org\/{rel}","templated":true}]}}