{"id":96,"date":"2020-08-13T12:28:25","date_gmt":"2020-08-13T12:28:25","guid":{"rendered":"http:\/\/formitys.com\/?page_id=96"},"modified":"2025-09-09T10:39:37","modified_gmt":"2025-09-09T10:39:37","slug":"references-clients","status":"publish","type":"page","link":"https:\/\/formitys.com\/?page_id=96","title":{"rendered":"R\u00c9F\u00c9RENCES CLIENTS"},"content":{"rendered":"\n<div style=\"height:95px\" aria-hidden=\"true\" class=\"wp-block-spacer\"><\/div>\n\n\n\n<div class=\"wp-block-media-text alignwide is-stacked-on-mobile\" style=\"grid-template-columns:23% auto\"><figure class=\"wp-block-media-text__media\"><img loading=\"lazy\" decoding=\"async\" width=\"353\" height=\"143\" src=\"https:\/\/formitys.com\/wp-content\/uploads\/2020\/08\/BNP.png\" alt=\"\" class=\"wp-image-128 size-full\" srcset=\"https:\/\/formitys.com\/wp-content\/uploads\/2020\/08\/BNP.png 353w, https:\/\/formitys.com\/wp-content\/uploads\/2020\/08\/BNP-300x122.png 300w\" sizes=\"auto, (max-width: 353px) 100vw, 353px\" \/><\/figure><div class=\"wp-block-media-text__content\">\n<p class=\"has-medium-font-size\"><strong>BNP PARIBAS <\/strong>Direction des syst\u00e8mes d&#8217;information<\/p>\n<\/div><\/div>\n\n\n\n<div class=\"wp-block-media-text alignwide is-stacked-on-mobile\" style=\"grid-template-columns:23% auto\"><figure class=\"wp-block-media-text__media\"><img loading=\"lazy\" decoding=\"async\" width=\"300\" height=\"168\" src=\"https:\/\/formitys.com\/wp-content\/uploads\/2020\/08\/AXA.jpg\" alt=\"\" class=\"wp-image-120 size-full\"\/><\/figure><div class=\"wp-block-media-text__content\">\n<p class=\"has-medium-font-size\"><strong>AXA<\/strong> Direction technique de la production<\/p>\n<\/div><\/div>\n\n\n\n<div class=\"wp-block-media-text alignwide is-stacked-on-mobile\" style=\"grid-template-columns:23% auto\"><figure class=\"wp-block-media-text__media\"><img loading=\"lazy\" decoding=\"async\" width=\"318\" height=\"159\" src=\"https:\/\/formitys.com\/wp-content\/uploads\/2020\/08\/British-telecom.jpg\" alt=\"\" class=\"wp-image-129 size-full\" srcset=\"https:\/\/formitys.com\/wp-content\/uploads\/2020\/08\/British-telecom.jpg 318w, https:\/\/formitys.com\/wp-content\/uploads\/2020\/08\/British-telecom-300x150.jpg 300w\" sizes=\"auto, (max-width: 318px) 100vw, 318px\" \/><\/figure><div class=\"wp-block-media-text__content\">\n<p class=\"has-medium-font-size\"><strong>BRITISH TELECOM FRANCE<\/strong>                         Direction des syst\u00e8mes d&#8217;informations<\/p>\n<\/div><\/div>\n\n\n\n<div class=\"wp-block-media-text alignwide is-stacked-on-mobile\" style=\"grid-template-columns:23% auto\"><figure class=\"wp-block-media-text__media\"><img loading=\"lazy\" decoding=\"async\" width=\"326\" height=\"155\" src=\"https:\/\/formitys.com\/wp-content\/uploads\/2020\/08\/Valeo.png\" alt=\"\" class=\"wp-image-132 size-full\" srcset=\"https:\/\/formitys.com\/wp-content\/uploads\/2020\/08\/Valeo.png 326w, https:\/\/formitys.com\/wp-content\/uploads\/2020\/08\/Valeo-300x143.png 300w\" sizes=\"auto, (max-width: 326px) 100vw, 326px\" \/><\/figure><div class=\"wp-block-media-text__content\">\n<p class=\"has-medium-font-size\"><strong>VALEO FRANCE <\/strong>Direction de la production informatique                       <\/p>\n<\/div><\/div>\n\n\n\n<div class=\"wp-block-media-text alignwide is-stacked-on-mobile\" style=\"grid-template-columns:23% auto\"><figure class=\"wp-block-media-text__media\"><img loading=\"lazy\" decoding=\"async\" width=\"220\" height=\"229\" src=\"https:\/\/formitys.com\/wp-content\/uploads\/2020\/08\/Fondation-dauteuil.jpg\" alt=\"\" class=\"wp-image-131 size-full\"\/><\/figure><div class=\"wp-block-media-text__content\">\n<p class=\"has-medium-font-size\"><strong>FONDATION D&#8217;AUTEUIL <\/strong>                             Direction de la production informatique<\/p>\n<\/div><\/div>\n\n\n\n<div class=\"wp-block-media-text alignwide is-stacked-on-mobile\" style=\"grid-template-columns:22% auto\"><figure class=\"wp-block-media-text__media\"><img loading=\"lazy\" decoding=\"async\" width=\"225\" height=\"225\" src=\"https:\/\/formitys.com\/wp-content\/uploads\/2020\/08\/BMW-1.jpg\" alt=\"\" class=\"wp-image-127 size-full\" srcset=\"https:\/\/formitys.com\/wp-content\/uploads\/2020\/08\/BMW-1.jpg 225w, https:\/\/formitys.com\/wp-content\/uploads\/2020\/08\/BMW-1-150x150.jpg 150w\" sizes=\"auto, (max-width: 225px) 100vw, 225px\" \/><\/figure><div class=\"wp-block-media-text__content\">\n<p class=\"has-medium-font-size\"><strong>BMW FRANCE<\/strong>    Direction de la production informatique<\/p>\n<\/div><\/div>\n\n\n\n<div class=\"wp-block-media-text alignwide is-stacked-on-mobile\" style=\"grid-template-columns:22% auto\"><figure class=\"wp-block-media-text__media\"><img loading=\"lazy\" decoding=\"async\" width=\"268\" height=\"188\" src=\"https:\/\/formitys.com\/wp-content\/uploads\/2020\/08\/Accord-1.jpg\" alt=\"\" class=\"wp-image-123 size-full\"\/><\/figure><div class=\"wp-block-media-text__content\">\n<p class=\"has-medium-font-size\"><strong>ACCORD <\/strong>Direction des syst\u00e8mes d&#8217;informations<\/p>\n<\/div><\/div>\n\n\n\n<div class=\"wp-block-media-text alignwide is-stacked-on-mobile\" style=\"grid-template-columns:22% auto\"><figure class=\"wp-block-media-text__media\"><img loading=\"lazy\" decoding=\"async\" width=\"299\" height=\"169\" src=\"https:\/\/formitys.com\/wp-content\/uploads\/2020\/08\/AP-HP.png\" alt=\"\" class=\"wp-image-125 size-full\"\/><\/figure><div class=\"wp-block-media-text__content\">\n<p class=\"has-medium-font-size\"><strong>AP-HP <\/strong>Direction des syst\u00e8mes d&#8217;information<\/p>\n<\/div><\/div>\n\n\n\n<div class=\"wp-block-media-text alignwide is-stacked-on-mobile\" style=\"grid-template-columns:22% auto\"><figure class=\"wp-block-media-text__media\"><img loading=\"lazy\" decoding=\"async\" width=\"263\" height=\"192\" src=\"https:\/\/formitys.com\/wp-content\/uploads\/2020\/08\/Eiffage-1.png\" alt=\"\" class=\"wp-image-164 size-full\"\/><\/figure><div class=\"wp-block-media-text__content\">\n<p class=\"has-medium-font-size\"><strong>EIFFAGE<\/strong> Direction des infrastructures et syst\u00e8mes<\/p>\n<\/div><\/div>\n\n\n\n<div class=\"wp-block-media-text alignwide is-stacked-on-mobile\" style=\"grid-template-columns:22% auto\"><figure class=\"wp-block-media-text__media\"><img loading=\"lazy\" decoding=\"async\" width=\"255\" height=\"198\" src=\"https:\/\/formitys.com\/wp-content\/uploads\/2020\/08\/Eurocontrol.jpg\" alt=\"\" class=\"wp-image-130 size-full\"\/><\/figure><div class=\"wp-block-media-text__content\">\n<p class=\"has-medium-font-size\"><strong>EURO-CONTROL<\/strong> Direction des syst\u00e8mes d&#8217;information<\/p>\n<\/div><\/div>\n\n\n\n<div class=\"wp-block-media-text alignwide is-stacked-on-mobile\" style=\"grid-template-columns:22% auto\"><figure class=\"wp-block-media-text__media\"><img loading=\"lazy\" decoding=\"async\" width=\"300\" height=\"168\" src=\"https:\/\/formitys.com\/wp-content\/uploads\/2020\/08\/Veolia.eau_-1.png\" alt=\"\" class=\"wp-image-133 size-full\"\/><\/figure><div class=\"wp-block-media-text__content\">\n<p class=\"has-medium-font-size\"><strong>VEOLIA EAU<\/strong> Direction des syst\u00e8mes d&#8217;information<\/p>\n<\/div><\/div>\n\n\n\n<div style=\"height:20px\" aria-hidden=\"true\" class=\"wp-block-spacer\"><\/div>\n\n\n\n<div class=\"wp-block-media-text alignwide is-stacked-on-mobile\" style=\"grid-template-columns:22% auto\"><figure class=\"wp-block-media-text__media\"><img loading=\"lazy\" decoding=\"async\" width=\"409\" height=\"123\" src=\"https:\/\/formitys.com\/wp-content\/uploads\/2020\/08\/Altran-1.png\" alt=\"\" class=\"wp-image-118 size-full\" srcset=\"https:\/\/formitys.com\/wp-content\/uploads\/2020\/08\/Altran-1.png 409w, https:\/\/formitys.com\/wp-content\/uploads\/2020\/08\/Altran-1-300x90.png 300w\" sizes=\"auto, (max-width: 409px) 100vw, 409px\" \/><\/figure><div class=\"wp-block-media-text__content\">\n<p class=\"has-text-align-left has-medium-font-size\"><strong>ALTRAN<\/strong> Direction des syst\u00e8mes d&#8217;information<\/p>\n<\/div><\/div>\n\n\n\n<div style=\"height:54px\" aria-hidden=\"true\" class=\"wp-block-spacer\"><\/div>\n\n\n<div class=\"wp-block-image\">\n<figure class=\"alignleft size-large is-resized\"><img loading=\"lazy\" decoding=\"async\" width=\"1024\" height=\"49\" src=\"https:\/\/formitys.com\/wp-content\/uploads\/2020\/08\/Pied-de-page-en-image-1-1024x49.png\" alt=\"\" class=\"wp-image-343\" style=\"width:1450px;height:69px\" srcset=\"https:\/\/formitys.com\/wp-content\/uploads\/2020\/08\/Pied-de-page-en-image-1-1024x49.png 1024w, https:\/\/formitys.com\/wp-content\/uploads\/2020\/08\/Pied-de-page-en-image-1-300x14.png 300w, https:\/\/formitys.com\/wp-content\/uploads\/2020\/08\/Pied-de-page-en-image-1-768x37.png 768w, https:\/\/formitys.com\/wp-content\/uploads\/2020\/08\/Pied-de-page-en-image-1-1536x73.png 1536w, https:\/\/formitys.com\/wp-content\/uploads\/2020\/08\/Pied-de-page-en-image-1.png 1568w\" sizes=\"auto, (max-width: 1024px) 100vw, 1024px\" \/><\/figure>\n<\/div>\n\n\n<p><\/p>\n","protected":false},"excerpt":{"rendered":"<p>BNP PARIBAS Direction des syst\u00e8mes d&#8217;information AXA Direction technique de la production BRITISH TELECOM FRANCE Direction des syst\u00e8mes d&#8217;informations VALEO&hellip;<\/p>\n","protected":false},"author":1,"featured_media":0,"parent":0,"menu_order":0,"comment_status":"closed","ping_status":"closed","template":"","meta":{"kk_blocks_editor_width":"","_kiokenblocks_attr":"","_kiokenblocks_dimensions":"","footnotes":""},"class_list":["post-96","page","type-page","status-publish","hentry"],"featured_image_urls_v2":{"full":"","thumbnail":"","medium":"","medium_large":"","large":"","1536x1536":"","2048x2048":"","primer-featured":"","primer-hero":""},"post_excerpt_stackable_v2":"<p>BNP PARIBAS Direction des syst\u00e8mes d&#8217;information AXA Direction technique de la production BRITISH TELECOM FRANCE Direction des syst\u00e8mes d&#8217;informations VALEO FRANCE Direction de la production informatique FONDATION D&#8217;AUTEUIL Direction de la production informatique BMW FRANCE Direction de la production informatique ACCORD Direction des syst\u00e8mes d&#8217;informations AP-HP Direction des syst\u00e8mes d&#8217;information EIFFAGE Direction des infrastructures et syst\u00e8mes EURO-CONTROL Direction des syst\u00e8mes d&#8217;information VEOLIA EAU Direction des syst\u00e8mes d&#8217;information ALTRAN Direction des syst\u00e8mes d&#8217;information<\/p>\n","category_list_v2":"","author_info_v2":{"name":"denis","url":"https:\/\/formitys.com\/?author=1"},"comments_num_v2":"0 commentaire","_links":{"self":[{"href":"https:\/\/formitys.com\/index.php?rest_route=\/wp\/v2\/pages\/96","targetHints":{"allow":["GET"]}}],"collection":[{"href":"https:\/\/formitys.com\/index.php?rest_route=\/wp\/v2\/pages"}],"about":[{"href":"https:\/\/formitys.com\/index.php?rest_route=\/wp\/v2\/types\/page"}],"author":[{"embeddable":true,"href":"https:\/\/formitys.com\/index.php?rest_route=\/wp\/v2\/users\/1"}],"replies":[{"embeddable":true,"href":"https:\/\/formitys.com\/index.php?rest_route=%2Fwp%2Fv2%2Fcomments&post=96"}],"version-history":[{"count":34,"href":"https:\/\/formitys.com\/index.php?rest_route=\/wp\/v2\/pages\/96\/revisions"}],"predecessor-version":[{"id":842,"href":"https:\/\/formitys.com\/index.php?rest_route=\/wp\/v2\/pages\/96\/revisions\/842"}],"wp:attachment":[{"href":"https:\/\/formitys.com\/index.php?rest_route=%2Fwp%2Fv2%2Fmedia&parent=96"}],"curies":[{"name":"wp","href":"https:\/\/api.w.org\/{rel}","templated":true}]}}